{"id":16549,"date":"2025-02-18T15:37:48","date_gmt":"2025-02-18T14:37:48","guid":{"rendered":"https:\/\/www.bombard.com\/?post_type=product&#038;p=16549"},"modified":"2025-09-25T10:26:29","modified_gmt":"2025-09-25T09:26:29","slug":"sunrider-550-the-sea-cleaners","status":"publish","type":"product","link":"https:\/\/www.bombard.com\/fr\/shop\/produits\/bateaux\/partenariat\/sunrider-550-the-sea-cleaners\/","title":{"rendered":"Sunrider 550 x The Sea Cleaners"},"content":{"rendered":"<div class=\"wpb-content-wrapper\"><p>[vc_row css=\u00a0\u00bb.vc_custom_1490692160792{margin-top: 30px !important;}\u00a0\u00bb][vc_column width=\u00a0\u00bb1\/2&Prime;][vc_column_text]<\/p>\n<div class=\"text-center\"><a class=\"btn btn-md btn-default\" href=\"\/fr\/demander-un-devis\/\">Demander un devis<\/a><\/div>\n<p>[\/vc_column_text][\/vc_column][vc_column width=\u00a0\u00bb1\/2&Prime;][vc_column_text]<\/p>\n<div class=\"text-center\"><a class=\"btn btn-md btn-default\" href=\"https:\/\/www.bombard.com\/wp-content\/uploads\/2022\/04\/Owner_Manual_Sunrider_500-550-650_Edition3_2019_AllLanguages.pdf\">T\u00e9l\u00e9charger le manuel propri\u00e9taire<\/a><\/div>\n<p>[\/vc_column_text][\/vc_column][\/vc_row]<\/p>\n<\/div>","protected":false},"excerpt":{"rendered":"<h2>Offre \u00e9dition limit\u00e9e<\/h2>\n<p><strong><span style=\"color: #aa182c;\">Prix package \u00e0 partir de <strong>22 000\u20ac TTC*<\/strong> au lieu de 31 236 TTC\u20ac soit -30% jusqu\u2019au 15\/12\/2025!<\/span><\/strong><\/p>\n<p>Ce prix comprend\u00a0:<\/p>\n<ul>\n<li>Le bateau avec flotteur PVC, + Kit dossier + coussin avant<\/li>\n<li>Un moteur Mercury 60CV (F60 EFI ELPT)<\/li>\n<li>Une remorque Oceane<\/li>\n<li>Frais de montage<\/li>\n<li>Eco taxe<\/li>\n<\/ul>\n<p>hors frais de transport<\/p>\n<p>Version en hypalon \u00e9galement disponible \u00e0 partir de <strong>24 530\u20ac TTC.<\/strong><\/p>\n<p>&nbsp;<\/p>\n<p data-start=\"160\" data-end=\"315\">En partenariat avec <strong data-start=\"180\" data-end=\"199\">The SeaCleaners<\/strong>, organisation engag\u00e9e contre la pollution marine, nous vous proposons une offre exclusive qui fait la diff\u00e9rence.<\/p>\n<p data-start=\"317\" data-end=\"494\"><strong data-start=\"320\" data-end=\"375\">Pour chaque achat d\u2019un Bombard Explorer ou Sunrider<\/strong>, <strong data-start=\"377\" data-end=\"401\">200\u20ac seront revers\u00e9s<\/strong> pour soutenir la cr\u00e9ation des <strong data-start=\"432\" data-end=\"443\">Mobulas<\/strong>, ces bateaux innovants qui nettoient nos oc\u00e9ans.<\/p>\n<p data-start=\"496\" data-end=\"585\"><strong data-start=\"499\" data-end=\"580\">Offre valable pour une dur\u00e9e limit\u00e9e \u2014 Ne manquez pas cette occasion unique !<\/strong> &#x1f31f;<\/p>\n<p data-start=\"587\" data-end=\"837\">En choisissant <strong>le Sunrider 550<\/strong> \u00e9dition limit\u00e9e The Sea Cleaners, vous ne faites pas qu\u2019acqu\u00e9rir un bateau :<\/p>\n<ul>\n<li data-start=\"587\" data-end=\"837\"><strong data-start=\"679\" data-end=\"733\">Vous agissez pour l\u2019avenir de notre plan\u00e8te bleue.<\/strong><\/li>\n<li data-start=\"587\" data-end=\"837\"><strong data-start=\"738\" data-end=\"835\">Vous perp\u00e9tuez l\u2019h\u00e9ritage d\u2019Alain Bombard en participant activement \u00e0 la protection des mers.<\/strong><\/li>\n<\/ul>\n<p data-start=\"587\" data-end=\"837\"><strong data-start=\"841\" data-end=\"936\">Naviguez vers un futur plus propre !<\/strong><\/p>\n","protected":false},"featured_media":16690,"comment_status":"open","ping_status":"closed","template":"","meta":{"_acf_changed":false},"product_brand":[],"product_cat":[443],"product_tag":[],"class_list":{"0":"post-16549","1":"product","2":"type-product","3":"status-publish","4":"has-post-thumbnail","6":"product_cat-partenariat","9":"first","10":"instock","11":"shipping-taxable","12":"product-type-simple"},"acf":[],"_links":{"self":[{"href":"https:\/\/www.bombard.com\/fr\/wp-json\/wp\/v2\/product\/16549","targetHints":{"allow":["GET"]}}],"collection":[{"href":"https:\/\/www.bombard.com\/fr\/wp-json\/wp\/v2\/product"}],"about":[{"href":"https:\/\/www.bombard.com\/fr\/wp-json\/wp\/v2\/types\/product"}],"replies":[{"embeddable":true,"href":"https:\/\/www.bombard.com\/fr\/wp-json\/wp\/v2\/comments?post=16549"}],"wp:featuredmedia":[{"embeddable":true,"href":"https:\/\/www.bombard.com\/fr\/wp-json\/wp\/v2\/media\/16690"}],"wp:attachment":[{"href":"https:\/\/www.bombard.com\/fr\/wp-json\/wp\/v2\/media?parent=16549"}],"wp:term":[{"taxonomy":"product_brand","embeddable":true,"href":"https:\/\/www.bombard.com\/fr\/wp-json\/wp\/v2\/product_brand?post=16549"},{"taxonomy":"product_cat","embeddable":true,"href":"https:\/\/www.bombard.com\/fr\/wp-json\/wp\/v2\/product_cat?post=16549"},{"taxonomy":"product_tag","embeddable":true,"href":"https:\/\/www.bombard.com\/fr\/wp-json\/wp\/v2\/product_tag?post=16549"}],"curies":[{"name":"wp","href":"https:\/\/api.w.org\/{rel}","templated":true}]}}