{"id":13856,"date":"2018-11-16T17:45:26","date_gmt":"2018-11-16T16:45:26","guid":{"rendered":"https:\/\/www.bombard.com\/?post_type=product&#038;p=13856\/"},"modified":"2025-05-11T20:11:37","modified_gmt":"2025-05-11T19:11:37","slug":"explorer-700","status":"publish","type":"product","link":"https:\/\/www.bombard.com\/fr\/shop\/produits\/bateaux\/explorer\/explorer-700\/","title":{"rendered":"Explorer 700"},"content":{"rendered":"<div class=\"wpb-content-wrapper\"><p>[vc_row css=\u00a0\u00bb.vc_custom_1490692160792{margin-top: 30px !important;}\u00a0\u00bb][vc_column][vc_column_text]<\/p>\n<h2 style=\"text-align: center;\">EXPLORER 700<\/h2>\n<p>[\/vc_column_text][vc_gallery type=\u00a0\u00bbflexslider_slide\u00a0\u00bb interval=\u00a0\u00bb3&Prime; images=\u00a0\u00bb14754,14759,14764,14769&Prime; img_size=\u00a0\u00bbfull\u00a0\u00bb][\/vc_column][\/vc_row][vc_row css=\u00a0\u00bb.vc_custom_1619701487531{margin-top: 30px !important;}\u00a0\u00bb][vc_column width=\u00a0\u00bb1\/4&Prime;]<div class=\"text-center\"><a class=\"btn-widget-leaflet btn btn-md btn-default\" data-toggle=\"modal\" data-target=\"#leafletModal\" data-model=\"explorer-700\" data-file=\"https:\/\/zaboats.idapps.app\/custum\/BOMBARD\/?pid=923&lg=fr\" target=\"_blank\">T\u00e9l\u00e9charger la fiche produit<\/a><\/div>[\/vc_column][vc_column width=\u00a0\u00bb1\/4&Prime;][vc_column_text]<\/p>\n<div class=\"text-center\"><a class=\"btn btn-md btn-default\" href=\"\/fr\/demander-un-devis\/\">Demander un devis<\/a><\/div>\n<p>[\/vc_column_text][\/vc_column][vc_column width=\u00a0\u00bb1\/4&Prime;][vc_column_text]<\/p>\n<div class=\"text-center\"><a class=\"btn btn-md btn-default\" href=\"https:\/\/www.bombard.com\/wp-content\/uploads\/2022\/04\/Owner_Manual_Explorer700_ed1_Alllanguages-3.pdf\">T\u00e9l\u00e9charger le manuel propri\u00e9taire<\/a><\/div>\n<p>[\/vc_column_text][\/vc_column][vc_column width=\u00a0\u00bb1\/4&Prime;][vc_column_text]<\/p>\n<div class=\"text-center\"><a class=\"btn btn-md btn-default\" href=\"https:\/\/configure.bombard.com\/explorer\/700\/design?lang=fr\">Configurez le v\u00f4tre<\/a><\/div>\n<p>[\/vc_column_text][\/vc_column][\/vc_row][vc_row css=\u00a0\u00bb.vc_custom_1619701487531{margin-top: 30px !important;}\u00a0\u00bb][vc_column width=\u00a0\u00bb1\/2&Prime;][vc_single_image image=\u00a0\u00bb14749&Prime; img_size=\u00a0\u00bblarge\u00a0\u00bb][vc_column_text]<\/p>\n<div class=\"text-center\"><a class=\"btn btn-md btn-default\" href=\"https:\/\/www.bombard.com\/fr\/demander-un-devis\/\">Demander un devis<\/a><\/div>\n<p>[\/vc_column_text][\/vc_column][vc_column width=\u00a0\u00bb1\/2&Prime;][vc_column_text]<strong class=\"big\">Solide comme un roc<\/strong><br \/>\nChoisir un Explorer est un acte engag\u00e9 ! Partager ses passions, avec ses amis, m\u00eame tr\u00e8s nombreux (16 au maximum !), voil\u00e0 un beau programme.<br \/>\nLa polyvalence de l\u2019Explorer est sans limite : plong\u00e9e, p\u00eache, chasse sous-marine, ski nautique&#8230; beau temps, brise ou mer form\u00e9e ? Pas de soucis ; l\u2019Explorer r\u00e9pond toujours pr\u00e9sent et en toute s\u00e9curit\u00e9.<br \/>\nLa gamme compos\u00e9e de 5 mod\u00e8les, poss\u00e8de tous les attributs qui font le succ\u00e8s de cette s\u00e9rie : une coque en V profond au comportement vif et passe partout, des am\u00e9nagements \u00e0 la carte, et d\u00e9sormais le choix du type de flotteur.<\/p>\n<p><strong class=\"big\">Les + produits<\/strong><\/p>\n<p>\u2022 Une offre \u00e0 la carte, \u00e0 concevoir et moduler en fonction de ses besoins<br \/>\n\u2022 Choix du flotteur :\u00a0en Strongan&#x2122; Duotex&#x2122; ou en Hypalon&#x2122; N\u00e9opr\u00e8ne&#x2122;<br \/>\n\u2022 2 choix de couleurs : Noir ou Gris clair<br \/>\n\u2022 Une stabilit\u00e9 exemplaire gr\u00e2ce \u00e0 une coque en V renforc\u00e9e<br \/>\n\u2022 Une solidit\u00e9 \u00e0 toute \u00e9preuve gr\u00e2ce \u00e0 un tissu \u00e0 armature renforc\u00e9e<br \/>\n\u2022 Coffre avant contre moul\u00e9[\/vc_column_text][\/vc_column][\/vc_row][vc_row][vc_column][vc_tta_tabs][vc_tta_section title=\u00a0\u00bbCARACTERISTIQUES\u00a0\u00bb tab_id=\u00a0\u00bb1619701616959-f092c187-14ad\u00a0\u00bb][vc_column_text]<\/p>\n<div class=\"item-description row \">\n<div class=\"col-md-4\">\n<h3 class=\"title-heading\">Dimensions <small>(m-fi)<\/small><\/h3>\n<\/div>\n<div class=\"col-md-8\">\n<table class=\"table table-bordered\">\n<tbody>\n<tr class=\"\">\n<th style=\"text-align: left;\">Longueur ext\u00e9rieure<\/th>\n<td style=\"text-align: center;\">7- 22\u20198\u201d<\/td>\n<\/tr>\n<tr class=\"\">\n<th style=\"text-align: left;\">Longueur habitable<\/th>\n<td style=\"text-align: center;\">5.71 &#8211; 18\u20199\u201d<\/td>\n<\/tr>\n<tr class=\"\">\n<th style=\"text-align: left;\">Largeur ext\u00e9rieure<\/th>\n<td style=\"text-align: center;\">2.54 &#8211; 8\u20194\u201d<\/td>\n<\/tr>\n<tr class=\"\">\n<th style=\"text-align: left;\">Largeur habitable<\/th>\n<td style=\"text-align: center;\">1.39 &#8211; 4\u20197\u201d<\/td>\n<\/tr>\n<tr class=\"\">\n<th style=\"text-align: left;\">Diam\u00e8tre flotteur<\/th>\n<td style=\"text-align: center;\">0.575 &#8211; 1\u201911\u201d<\/td>\n<\/tr>\n<\/tbody>\n<\/table>\n<\/div>\n<\/div>\n<div class=\"item-description row\">\n<div class=\"col-md-4\">\n<h3 class=\"title-heading\">Capacit\u00e9<\/h3>\n<\/div>\n<div class=\"col-md-8\">\n<table class=\"table table-bordered\">\n<tbody>\n<tr class=\"\">\n<th style=\"text-align: left;\">Nombre de passagers ISO<\/th>\n<td style=\"text-align: center;\">5\/16<\/td>\n<\/tr>\n<tr class=\"\">\n<th style=\"text-align: left;\">Charge max autoris\u00e9e (Kg &#8211; Lbs)<\/th>\n<td style=\"text-align: center;\">1960 &#8211; 4321<\/td>\n<\/tr>\n<tr class=\"\">\n<th style=\"text-align: left;\">Poids total (Kg &#8211; Lbs)<\/th>\n<td style=\"text-align: center;\">820 &#8211; 1808<\/td>\n<\/tr>\n<tr class=\"\">\n<th style=\"text-align: left;\">Compartiments \u00e9tanches<\/th>\n<td style=\"text-align: center;\">5<\/td>\n<\/tr>\n<tr class=\"\">\n<th style=\"text-align: left;\">Cat\u00e9gorie de conception<\/th>\n<td style=\"text-align: center;\">B \/ C<\/td>\n<\/tr>\n<\/tbody>\n<\/table>\n<\/div>\n<\/div>\n<div class=\"item-description row \">\n<div class=\"col-md-4\">\n<h3 class=\"title-heading\">Encombrement <small>(m-fi)<\/small><\/h3>\n<\/div>\n<div class=\"col-md-8\">\n<table class=\"table table-bordered\">\n<tbody>\n<tr class=\"\">\n<th style=\"text-align: left;\">Longueur coque<\/th>\n<td style=\"text-align: center;\">6.06 &#8211; 19\u20198\u201d<\/td>\n<\/tr>\n<tr class=\"\">\n<th style=\"text-align: left;\">Largeur coque<\/th>\n<td style=\"text-align: center;\">1.85 &#8211; 6\u20191\u201d<\/td>\n<\/tr>\n<tr class=\"\">\n<th style=\"text-align: left;\">Hauteur coque<\/th>\n<td style=\"text-align: center;\">1.2 &#8211; 3\u201911\u201d<\/td>\n<\/tr>\n<tr class=\"\">\n<th style=\"text-align: left;\">Angle de car\u00e8ne (\u00b0)<\/th>\n<td style=\"text-align: center;\">24.0<\/td>\n<\/tr>\n<\/tbody>\n<\/table>\n<\/div>\n<\/div>\n<div class=\"item-description row \">\n<div class=\"col-md-4\">\n<h3 class=\"title-heading\">Motorisation<\/h3>\n<\/div>\n<div class=\"col-md-8\">\n<table class=\"table table-bordered\">\n<tbody>\n<tr class=\"\">\n<th style=\"text-align: left;\">Arbre<\/th>\n<td style=\"text-align: center;\">Extra long<\/td>\n<\/tr>\n<tr class=\"\">\n<th style=\"text-align: left;\">Puissance max autoris\u00e9e (Ch &#8211; Kw)<\/th>\n<td style=\"text-align: center;\">250 &#8211; 147.2<\/td>\n<\/tr>\n<tr class=\"\">\n<th style=\"text-align: left;\">Vitesse max (Km\/h &#8211; Mph)<\/th>\n<td style=\"text-align: center;\">77 \/ 48<\/td>\n<\/tr>\n<\/tbody>\n<\/table>\n<p>&nbsp;<\/p>\n<\/div>\n<\/div>\n<p>[\/vc_column_text][\/vc_tta_section][vc_tta_section title=\u00a0\u00bbEQUIPEMENTS\u00a0\u00bb tab_id=\u00a0\u00bbequipements\u00a0\u00bb][vc_column_text]<\/p>\n<h3 class=\"title-heading\">Coque<\/h3>\n<div class=\"item-description row\">\n<div class=\"col-md-8\">\n<ul>\n<li>Car\u00e8ne fibre de verre en V prononc\u00e9, \u00e9quip\u00e9e de virures<\/li>\n<li>Pont antid\u00e9rapant contre moul\u00e9<\/li>\n<li>1 anneau d&rsquo;\u00e9trave<\/li>\n<li>2 anneaux arri\u00e8re de remorquage<\/li>\n<li>2 vide-vites grand d\u00e9bit<\/li>\n<li>1 nable de vidange<\/li>\n<li>Coffre avant contre moul\u00e9<\/li>\n<\/ul>\n<\/div>\n<\/div>\n<div class=\"item-description row \">\n<div class=\"col-md-4\">\n<h3 class=\"title-heading\">Flotteur<\/h3>\n<\/div>\n<div class=\"col-md-8\">\n<ul>\n<li>Tissu Strongan<span class=\"st\">&#x2122; Duotex&#x2122; assemblages<\/span> soud\u00e9s par thermobondage ou Hypalon<span class=\"st\">&#x2122;<\/span> N\u00e9opr\u00e8ne<span class=\"st\">&#x2122;<\/span><\/li>\n<li>Valves Easy Push<\/li>\n<li>Saisine polyamidee : nouveau design exclusif<\/li>\n<li>D\u00e9fense anti-ragage d\u00e9flectrice<\/li>\n<li>Davier d\u2019\u00e9trave PVC avec taquet coinceur<\/li>\n<li>Renforts de c\u00f4nes<\/li>\n<\/ul>\n<\/div>\n<\/div>\n<div class=\"item-description row \">\n<div class=\"col-md-4\">\n<h3 class=\"title-heading\">\u00c9quipement standard<\/h3>\n<\/div>\n<div class=\"col-md-8\">\n<ul>\n<li>1 gonfleur<\/li>\n<li>1 mallette de r\u00e9paration<\/li>\n<li>1 manuel du propri\u00e9taire<\/li>\n<li>Echelle de bain<\/li>\n<\/ul>\n<\/div>\n<\/div>\n<div class=\"item-description row \"><\/div>\n<p>[\/vc_column_text][\/vc_tta_section][\/vc_tta_tabs][\/vc_column][\/vc_row]<\/p>\n<\/div>","protected":false},"excerpt":{"rendered":"<p>[vc_row css=\u00a0\u00bb.vc_custom_1490692160792{margin-top: 30px !important;}\u00a0\u00bb][vc_column][vc_column_text] EXPLORER 700 [\/vc_column_text][vc_gallery type=\u00a0\u00bbflexslider_slide\u00a0\u00bb interval=\u00a0\u00bb3&Prime; images=\u00a0\u00bb14754,14759,14764,14769&Prime; img_size=\u00a0\u00bbfull\u00a0\u00bb][\/vc_column][\/vc_row][vc_row css=\u00a0\u00bb.vc_custom_1619701487531{margin-top: 30px !important;}\u00a0\u00bb][vc_column width=\u00a0\u00bb1\/4&Prime;][\/vc_column][vc_column width=\u00a0\u00bb1\/4&Prime;][vc_column_text] Demander un devis [\/vc_column_text][\/vc_column][vc_column width=\u00a0\u00bb1\/4&Prime;][vc_column_text] T\u00e9l\u00e9charger le manuel propri\u00e9taire [\/vc_column_text][\/vc_column][vc_column width=\u00a0\u00bb1\/4&Prime;][vc_column_text] Configurez le v\u00f4tre [\/vc_column_text][\/vc_column][\/vc_row][vc_row css=\u00a0\u00bb.vc_custom_1619701487531{margin-top: 30px !important;}\u00a0\u00bb][vc_column width=\u00a0\u00bb1\/2&Prime;][vc_single_image image=\u00a0\u00bb14749&Prime; img_size=\u00a0\u00bblarge\u00a0\u00bb][vc_column_text] Demander un devis [\/vc_column_text][\/vc_column][vc_column width=\u00a0\u00bb1\/2&Prime;][vc_column_text]Solide comme un roc Choisir un Explorer est un acte engag\u00e9 ! Partager ses &hellip; <a href=\"https:\/\/www.bombard.com\/fr\/shop\/produits\/bateaux\/explorer\/explorer-700\/\" class=\"more-link\">Continue reading <span class=\"screen-reader-text\">Explorer 700<\/span><span class=\"meta-nav\">&rarr;<\/span><\/a><\/p>\n","protected":false},"featured_media":14744,"comment_status":"open","ping_status":"closed","template":"","meta":{"_acf_changed":false},"product_brand":[],"product_cat":[171],"product_tag":[],"class_list":{"0":"post-13856","1":"product","2":"type-product","3":"status-publish","4":"has-post-thumbnail","6":"product_cat-explorer","9":"first","10":"instock","11":"shipping-taxable","12":"product-type-simple"},"acf":[],"_links":{"self":[{"href":"https:\/\/www.bombard.com\/fr\/wp-json\/wp\/v2\/product\/13856","targetHints":{"allow":["GET"]}}],"collection":[{"href":"https:\/\/www.bombard.com\/fr\/wp-json\/wp\/v2\/product"}],"about":[{"href":"https:\/\/www.bombard.com\/fr\/wp-json\/wp\/v2\/types\/product"}],"replies":[{"embeddable":true,"href":"https:\/\/www.bombard.com\/fr\/wp-json\/wp\/v2\/comments?post=13856"}],"wp:featuredmedia":[{"embeddable":true,"href":"https:\/\/www.bombard.com\/fr\/wp-json\/wp\/v2\/media\/14744"}],"wp:attachment":[{"href":"https:\/\/www.bombard.com\/fr\/wp-json\/wp\/v2\/media?parent=13856"}],"wp:term":[{"taxonomy":"product_brand","embeddable":true,"href":"https:\/\/www.bombard.com\/fr\/wp-json\/wp\/v2\/product_brand?post=13856"},{"taxonomy":"product_cat","embeddable":true,"href":"https:\/\/www.bombard.com\/fr\/wp-json\/wp\/v2\/product_cat?post=13856"},{"taxonomy":"product_tag","embeddable":true,"href":"https:\/\/www.bombard.com\/fr\/wp-json\/wp\/v2\/product_tag?post=13856"}],"curies":[{"name":"wp","href":"https:\/\/api.w.org\/{rel}","templated":true}]}}