{"id":11559,"date":"2016-11-25T15:40:55","date_gmt":"2016-11-25T14:40:55","guid":{"rendered":"https:\/\/www.bombard.com\/fr\/shop\/produits\/bateaux\/typhoon\/typhoon-470-alu\/"},"modified":"2025-11-06T09:34:24","modified_gmt":"2025-11-06T08:34:24","slug":"typhoon-470-alu","status":"publish","type":"product","link":"https:\/\/www.bombard.com\/fr\/shop\/produits\/bateaux\/typhoon\/typhoon-470-alu\/","title":{"rendered":"Typhoon 470 Alu"},"content":{"rendered":"<div class=\"wpb-content-wrapper\"><p>[vc_row css=\u00a0\u00bb.vc_custom_1490692160792{margin-top: 30px !important;}\u00a0\u00bb][vc_column width=\u00a0\u00bb1\/3&Prime;]<div class=\"text-center\"><a class=\"btn-widget-leaflet btn btn-md btn-default\" data-toggle=\"modal\" data-target=\"#leafletModal\" data-model=\"typhoon-470-alu\" data-file=\"https:\/\/zaboats.idapps.app\/custum\/BOMBARD\/?pid=624&lg=fr\" target=\"_blank\">T\u00e9l\u00e9charger la fiche produit<\/a><\/div>[\/vc_column][vc_column width=\u00a0\u00bb1\/3&Prime;][vc_column_text]<\/p>\n<div class=\"text-center\"><a class=\"btn btn-md btn-default\" href=\"\/fr\/demander-un-devis\/\">Demander un devis<\/a><\/div>\n<p>[\/vc_column_text][\/vc_column][vc_column width=\u00a0\u00bb1\/3&Prime;][vc_column_text]<\/p>\n<div class=\"text-center\"><a class=\"btn btn-md btn-default\" href=\"https:\/\/www.bombard.com\/wp-content\/uploads\/2023\/07\/Owner_Manual_Typhoon_ed1_20_Alllanguages.pdf\">T\u00e9l\u00e9charger le manuel propri\u00e9taire<\/a><\/div>\n<p>[\/vc_column_text][\/vc_column][\/vc_row]<\/p>\n<\/div>","protected":false},"excerpt":{"rendered":"<p><strong>Ce mod\u00e8le ne sera plus produit par Bombard \u00e0 partir de 2023.<\/strong><\/p>\n<p><strong class=\"big\">Simple et efficace<\/strong><br \/>\nAvec le Typhoon&#x2122;, sortir en mer se d\u00e9cide instantan\u00e9ment : l\u00e9ger et peu encombrant, il prend place facilement dans le coffre de votre voiture.<\/p>\n<p><strong class=\"big\">Les + produits<\/strong><\/p>\n<p>\u2022 Plancher aluminium, rigidifi\u00e9 par 2 longerons aluminium : les longerons verrouillent les \u00e9l\u00e9ments du plancher, offrant une plate-forme plane et stable.<br \/>\n\u2022 Quille gonflable : elle assure une bonne tenue de cap et procure une r\u00e9serve de flottabilit\u00e9 suppl\u00e9mentaire.<br \/>\n\u2022 Valve semi-encastr\u00e9e.<br \/>\n\u2022 Banc de nage.<\/p>\n","protected":false},"featured_media":15453,"comment_status":"open","ping_status":"closed","template":"","meta":{"_acf_changed":false},"product_brand":[],"product_cat":[175],"product_tag":[],"class_list":{"0":"post-11559","1":"product","2":"type-product","3":"status-publish","4":"has-post-thumbnail","6":"product_cat-typhoon","9":"first","10":"instock","11":"shipping-taxable","12":"product-type-simple"},"acf":[],"_links":{"self":[{"href":"https:\/\/www.bombard.com\/fr\/wp-json\/wp\/v2\/product\/11559","targetHints":{"allow":["GET"]}}],"collection":[{"href":"https:\/\/www.bombard.com\/fr\/wp-json\/wp\/v2\/product"}],"about":[{"href":"https:\/\/www.bombard.com\/fr\/wp-json\/wp\/v2\/types\/product"}],"replies":[{"embeddable":true,"href":"https:\/\/www.bombard.com\/fr\/wp-json\/wp\/v2\/comments?post=11559"}],"wp:featuredmedia":[{"embeddable":true,"href":"https:\/\/www.bombard.com\/fr\/wp-json\/wp\/v2\/media\/15453"}],"wp:attachment":[{"href":"https:\/\/www.bombard.com\/fr\/wp-json\/wp\/v2\/media?parent=11559"}],"wp:term":[{"taxonomy":"product_brand","embeddable":true,"href":"https:\/\/www.bombard.com\/fr\/wp-json\/wp\/v2\/product_brand?post=11559"},{"taxonomy":"product_cat","embeddable":true,"href":"https:\/\/www.bombard.com\/fr\/wp-json\/wp\/v2\/product_cat?post=11559"},{"taxonomy":"product_tag","embeddable":true,"href":"https:\/\/www.bombard.com\/fr\/wp-json\/wp\/v2\/product_tag?post=11559"}],"curies":[{"name":"wp","href":"https:\/\/api.w.org\/{rel}","templated":true}]}}