{"id":11545,"date":"2016-11-25T11:59:12","date_gmt":"2016-11-25T10:59:12","guid":{"rendered":"https:\/\/www.bombard.com\/fr\/?post_type=product&#038;p=11545"},"modified":"2026-02-19T16:54:11","modified_gmt":"2026-02-19T15:54:11","slug":"sunrider-500","status":"publish","type":"product","link":"https:\/\/www.bombard.com\/fr\/shop\/produits\/bateaux\/sunrider\/sunrider-500\/","title":{"rendered":"Sunrider 500"},"content":{"rendered":"<div class=\"wpb-content-wrapper\"><p>[vc_row css=\u00a0\u00bb.vc_custom_1490692160792{margin-top: 30px !important;}\u00a0\u00bb][vc_column width=\u00a0\u00bb1\/4&Prime;]<div class=\"text-center\"><a class=\"btn-widget-leaflet btn btn-md btn-default\" data-toggle=\"modal\" data-target=\"#leafletModal\" data-model=\"sunrider-500\" data-file=\"https:\/\/zaboats.idapps.app\/custum\/BOMBARD\/?pid=634&lg=fr\" target=\"_blank\">T\u00e9l\u00e9charger la fiche produit<\/a><\/div>[\/vc_column][vc_column width=\u00a0\u00bb1\/4&Prime;][vc_column_text]<\/p>\n<div class=\"text-center\"><a class=\"btn btn-md btn-default\" href=\"\/fr\/demander-un-devis\/\">Demander un devis<\/a><\/div>\n<p>[\/vc_column_text][\/vc_column][vc_column width=\u00a0\u00bb1\/4&Prime;][vc_column_text]<\/p>\n<div class=\"text-center\"><a class=\"btn btn-md btn-default\" href=\"https:\/\/www.bombard.com\/wp-content\/uploads\/2022\/04\/Owner_Manual_Sunrider_500-550-650_Edition3_2019_AllLanguages.pdf\">T\u00e9l\u00e9charger le manuel propri\u00e9taire<\/a><\/div>\n<p>[\/vc_column_text][\/vc_column][vc_column width=\u00a0\u00bb1\/4&Prime;][vc_column_text]<\/p>\n<div class=\"text-center\"><a class=\"btn btn-md btn-default\" href=\"https:\/\/configure.bombard.com\/sunrider\/500\/design\">Configurez le v\u00f4tre<\/a><\/div>\n<p>[\/vc_column_text][\/vc_column][\/vc_row]<\/p>\n<\/div>","protected":false},"excerpt":{"rendered":"<p><strong class=\"big\">El\u00e9gant et fonctionnel<\/strong><br \/>\nLa gamme Sunrider offre le meilleur rapport qualit\u00e9\/prix du march\u00e9, optimisant un comportement marin irr\u00e9prochable, et une capacit\u00e9 \u00e0 embarquer tous vos passagers en parfaite s\u00e9curit\u00e9.<br \/>\nSes \u00e9quipements et am\u00e9nagements sont d\u2019une parfaite ergonomie et d\u2019un confort exemplaire. Les nombreux rangements et sa modularit\u00e9 en font une unit\u00e9 qui se r\u00e9v\u00e8le tr\u00e8s fonctionnelle \u00e0 l\u2019usage.<\/p>\n<p><strong class=\"big\">Les + produits<\/strong><\/p>\n<p>\u2022 Navigation ultra confortable gr\u00e2ce \u00e0 sa car\u00e8ne en V prononc\u00e9<br \/>\n\u2022 Capacit\u00e9 de rangement importante pour les longues journ\u00e9es de plaisance<br \/>\n\u2022 Nombreux \u00e9quipements pour s\u2019adapter \u00e0 toutes les activit\u00e9s nautiques<br \/>\n\u2022 R\u00e9servoir int\u00e9gr\u00e9 sous le pont.<br \/>\n\u2022 Flotteurs disponibles en Strongan&#x2122; Dutoex&#x2122;<br \/>\n\u2022 2 choix de couleurs : Gris clair ou Noir<br \/>\n\u2022 Choix de couleurs pour la sellerie : Pebble \/ Light Grey<\/p>\n","protected":false},"featured_media":15008,"comment_status":"open","ping_status":"closed","template":"","meta":{"_acf_changed":false},"product_brand":[],"product_cat":[173],"product_tag":[],"class_list":{"0":"post-11545","1":"product","2":"type-product","3":"status-publish","4":"has-post-thumbnail","6":"product_cat-sunrider","9":"first","10":"instock","11":"shipping-taxable","12":"product-type-simple"},"acf":[],"_links":{"self":[{"href":"https:\/\/www.bombard.com\/fr\/wp-json\/wp\/v2\/product\/11545","targetHints":{"allow":["GET"]}}],"collection":[{"href":"https:\/\/www.bombard.com\/fr\/wp-json\/wp\/v2\/product"}],"about":[{"href":"https:\/\/www.bombard.com\/fr\/wp-json\/wp\/v2\/types\/product"}],"replies":[{"embeddable":true,"href":"https:\/\/www.bombard.com\/fr\/wp-json\/wp\/v2\/comments?post=11545"}],"wp:featuredmedia":[{"embeddable":true,"href":"https:\/\/www.bombard.com\/fr\/wp-json\/wp\/v2\/media\/15008"}],"wp:attachment":[{"href":"https:\/\/www.bombard.com\/fr\/wp-json\/wp\/v2\/media?parent=11545"}],"wp:term":[{"taxonomy":"product_brand","embeddable":true,"href":"https:\/\/www.bombard.com\/fr\/wp-json\/wp\/v2\/product_brand?post=11545"},{"taxonomy":"product_cat","embeddable":true,"href":"https:\/\/www.bombard.com\/fr\/wp-json\/wp\/v2\/product_cat?post=11545"},{"taxonomy":"product_tag","embeddable":true,"href":"https:\/\/www.bombard.com\/fr\/wp-json\/wp\/v2\/product_tag?post=11545"}],"curies":[{"name":"wp","href":"https:\/\/api.w.org\/{rel}","templated":true}]}}