{"id":11540,"date":"2016-11-25T10:25:58","date_gmt":"2016-11-25T09:25:58","guid":{"rendered":"https:\/\/www.bombard.com\/fr\/?post_type=product&#038;p=11540"},"modified":"2024-07-25T09:50:25","modified_gmt":"2024-07-25T08:50:25","slug":"explorer-500","status":"publish","type":"product","link":"https:\/\/www.bombard.com\/fr\/shop\/produits\/bateaux\/explorer\/explorer-500\/","title":{"rendered":"Explorer 500"},"content":{"rendered":"<div class=\"wpb-content-wrapper\"><p>[vc_row css=\u00a0\u00bb.vc_custom_1490692160792{margin-top: 30px !important;}\u00a0\u00bb][vc_column width=\u00a0\u00bb1\/4&Prime;]<div class=\"text-center\"><a class=\"btn-widget-leaflet btn btn-md btn-default\" data-toggle=\"modal\" data-target=\"#leafletModal\" data-model=\"explorer-500\" data-file=\"https:\/\/zaboats.idapps.app\/custum\/BOMBARD\/?pid=629&lg=fr\" target=\"_blank\">T\u00e9l\u00e9charger la fiche produit<\/a><\/div>[\/vc_column][vc_column width=\u00a0\u00bb1\/4&Prime;][vc_column_text]<\/p>\n<div class=\"text-center\"><a class=\"btn btn-md btn-default\" href=\"\/fr\/demander-un-devis\/\">Demander un devis<\/a><\/div>\n<p>[\/vc_column_text][\/vc_column][vc_column width=\u00a0\u00bb1\/4&Prime;][vc_column_text]<\/p>\n<div class=\"text-center\"><a class=\"btn btn-md btn-default\" href=\"\/fr\/revendeurs\/\">Trouver un revendeur<\/a><\/div>\n<p>[\/vc_column_text][\/vc_column][vc_column width=\u00a0\u00bb1\/4&Prime;][vc_column_text]<\/p>\n<div class=\"text-center\"><a class=\"btn btn-md btn-default\" href=\"https:\/\/configure.bombard.com\/explorer\/500\/\">Configurez le v\u00f4tre<\/a><\/div>\n<p>[\/vc_column_text][\/vc_column][\/vc_row]<\/p>\n<\/div>","protected":false},"excerpt":{"rendered":"<p><strong class=\"big\">Solide comme un roc<\/strong><br \/>\nChoisir un Explorer est un acte engag\u00e9 ! Partager ses passions, avec ses amis, m\u00eame tr\u00e8s nombreux (16 au maximum !), voil\u00e0 un beau programme.<br \/>\nLa polyvalence de l\u2019Explorer est sans limite : plong\u00e9e, p\u00eache, chasse sous-marine, ski nautique&#8230; beau temps, brise ou mer form\u00e9e ? Pas de soucis ; l\u2019Explorer r\u00e9pond toujours pr\u00e9sent et en toute s\u00e9curit\u00e9.<br \/>\nLa gamme compos\u00e9e de 5 mod\u00e8les, poss\u00e8de tous les attributs qui font le succ\u00e8s de cette s\u00e9rie : une coque en V profond au comportement vif et passe partout, des am\u00e9nagements \u00e0 la carte, et d\u00e9sormais le choix du type de flotteur.<\/p>\n<p><strong class=\"big\">Les + produits<\/strong><\/p>\n<p>\u2022 Une offre \u00e0 la carte, \u00e0 concevoir et moduler en fonction de ses besoins<br \/>\n\u2022 Choix du flotteur en Strongan&#x2122; Duotex&#x2122;<br \/>\n\u2022 2 choix de couleurs : Noir ou Gris clair<br \/>\n\u2022 Une stabilit\u00e9 exemplaire gr\u00e2ce \u00e0 une coque en V renforc\u00e9e<br \/>\n\u2022 Une solidit\u00e9 \u00e0 toute \u00e9preuve gr\u00e2ce \u00e0 un tissu \u00e0 armature renforc\u00e9e<br \/>\n\u2022 Coffre avant contre moul\u00e9<\/p>\n","protected":false},"featured_media":14822,"comment_status":"open","ping_status":"closed","template":"","meta":{"_acf_changed":false},"product_brand":[],"product_cat":[171],"product_tag":[],"class_list":{"0":"post-11540","1":"product","2":"type-product","3":"status-publish","4":"has-post-thumbnail","6":"product_cat-explorer","9":"first","10":"instock","11":"shipping-taxable","12":"product-type-simple"},"acf":[],"_links":{"self":[{"href":"https:\/\/www.bombard.com\/fr\/wp-json\/wp\/v2\/product\/11540","targetHints":{"allow":["GET"]}}],"collection":[{"href":"https:\/\/www.bombard.com\/fr\/wp-json\/wp\/v2\/product"}],"about":[{"href":"https:\/\/www.bombard.com\/fr\/wp-json\/wp\/v2\/types\/product"}],"replies":[{"embeddable":true,"href":"https:\/\/www.bombard.com\/fr\/wp-json\/wp\/v2\/comments?post=11540"}],"wp:featuredmedia":[{"embeddable":true,"href":"https:\/\/www.bombard.com\/fr\/wp-json\/wp\/v2\/media\/14822"}],"wp:attachment":[{"href":"https:\/\/www.bombard.com\/fr\/wp-json\/wp\/v2\/media?parent=11540"}],"wp:term":[{"taxonomy":"product_brand","embeddable":true,"href":"https:\/\/www.bombard.com\/fr\/wp-json\/wp\/v2\/product_brand?post=11540"},{"taxonomy":"product_cat","embeddable":true,"href":"https:\/\/www.bombard.com\/fr\/wp-json\/wp\/v2\/product_cat?post=11540"},{"taxonomy":"product_tag","embeddable":true,"href":"https:\/\/www.bombard.com\/fr\/wp-json\/wp\/v2\/product_tag?post=11540"}],"curies":[{"name":"wp","href":"https:\/\/api.w.org\/{rel}","templated":true}]}}