{"id":8822,"date":"2016-04-15T16:40:45","date_gmt":"2016-04-15T15:40:45","guid":{"rendered":"https:\/\/www.bombard.com\/?page_id=8822"},"modified":"2021-06-03T17:03:05","modified_gmt":"2021-06-03T16:03:05","slug":"revendeurs","status":"publish","type":"page","link":"https:\/\/www.bombard.com\/fr\/revendeurs\/","title":{"rendered":"Revendeurs"},"content":{"rendered":"<div class=\"wpb-content-wrapper\"><p>[vc_row parallax=\u00a0\u00bb1&Prime; parallax_image=\u00a0\u00bb8022&Prime; isfullwidth=\u00a0\u00bb0&Prime; css=\u00a0\u00bb.vc_custom_1484730377096{padding-top: 50px !important;padding-bottom: 30px !important;background-image: url(https:\/\/www.bombard.com\/wp-content\/uploads\/2016\/11\/slider_1.jpg?id=11474) !important;}\u00a0\u00bb][vc_column css=\u00a0\u00bb.vc_custom_1622736181968{background-image: url(https:\/\/www.bombard.com\/wp-content\/uploads\/2021\/06\/Bombard_Explorer_700_Black_StTropez_2020-scaled.jpeg?id=15670) !important;}\u00a0\u00bb][vc_column_text]<\/p>\n<div class=\"text-center\">\n<h3 class=\"text-big-4 space-20 text-white\"><span style=\"color: #000000;\">Notre r\u00e9seau Bombard<\/span><\/h3>\n<\/div>\n<p>[\/vc_column_text][\/vc_column][\/vc_row][vc_row][vc_column][vc_column_text css=\u00a0\u00bb.vc_custom_1482333809462{padding-top: 50px !important;padding-right: 30px !important;padding-bottom: 30px !important;padding-left: 30px !important;}\u00a0\u00bb]<\/p>\n<div class=\"text-center text-big-2\">Le r\u00e9seau Bombard&#x2122; se compose de plus de 1600 points de vente \u00e0 travers le monde. O\u00f9 que vous soyez, vous trouverez toujours un distributeur Bombard&#x2122; pour vous conseiller et vous aider.<br \/>\nN&rsquo;h\u00e9sitez pas \u00e0 les contacter.<\/div>\n<p>[\/vc_column_text][\/vc_column][\/vc_row]<\/p>\n<\/div>","protected":false},"excerpt":{"rendered":"<p>[vc_row parallax=\u00a0\u00bb1&Prime; parallax_image=\u00a0\u00bb8022&Prime; isfullwidth=\u00a0\u00bb0&Prime; css=\u00a0\u00bb.vc_custom_1484730377096{padding-top: 50px !important;padding-bottom: 30px !important;background-image: url(https:\/\/www.bombard.com\/wp-content\/uploads\/2016\/11\/slider_1.jpg?id=11474) !important;}\u00a0\u00bb][vc_column css=\u00a0\u00bb.vc_custom_1622736181968{background-image: url(https:\/\/www.bombard.com\/wp-content\/uploads\/2021\/06\/Bombard_Explorer_700_Black_StTropez_2020-scaled.jpeg?id=15670) !important;}\u00a0\u00bb][vc_column_text] Notre r\u00e9seau Bombard [\/vc_column_text][\/vc_column][\/vc_row][vc_row][vc_column][vc_column_text css=\u00a0\u00bb.vc_custom_1482333809462{padding-top: 50px !important;padding-right: 30px !important;padding-bottom: 30px !important;padding-left: 30px !important;}\u00a0\u00bb] Le r\u00e9seau Bombard&#x2122; se compose de plus de 1600 points de vente \u00e0 travers le monde. O\u00f9 que vous soyez, vous trouverez toujours un distributeur Bombard&#x2122; pour vous &hellip; <a href=\"https:\/\/www.bombard.com\/fr\/revendeurs\/\" class=\"more-link\">Continue reading <span class=\"screen-reader-text\">Revendeurs<\/span><span class=\"meta-nav\">&rarr;<\/span><\/a><\/p>\n","protected":false},"author":1,"featured_media":0,"parent":0,"menu_order":0,"comment_status":"closed","ping_status":"closed","template":"model_network.php","meta":{"_acf_changed":false,"footnotes":""},"class_list":["post-8822","page","type-page","status-publish","hentry"],"acf":[],"_links":{"self":[{"href":"https:\/\/www.bombard.com\/fr\/wp-json\/wp\/v2\/pages\/8822","targetHints":{"allow":["GET"]}}],"collection":[{"href":"https:\/\/www.bombard.com\/fr\/wp-json\/wp\/v2\/pages"}],"about":[{"href":"https:\/\/www.bombard.com\/fr\/wp-json\/wp\/v2\/types\/page"}],"author":[{"embeddable":true,"href":"https:\/\/www.bombard.com\/fr\/wp-json\/wp\/v2\/users\/1"}],"replies":[{"embeddable":true,"href":"https:\/\/www.bombard.com\/fr\/wp-json\/wp\/v2\/comments?post=8822"}],"version-history":[{"count":4,"href":"https:\/\/www.bombard.com\/fr\/wp-json\/wp\/v2\/pages\/8822\/revisions"}],"predecessor-version":[{"id":15681,"href":"https:\/\/www.bombard.com\/fr\/wp-json\/wp\/v2\/pages\/8822\/revisions\/15681"}],"wp:attachment":[{"href":"https:\/\/www.bombard.com\/fr\/wp-json\/wp\/v2\/media?parent=8822"}],"curies":[{"name":"wp","href":"https:\/\/api.w.org\/{rel}","templated":true}]}}