{"id":1780,"date":"2014-06-26T02:39:31","date_gmt":"2014-06-26T01:39:31","guid":{"rendered":"https:\/\/www.bombard.com\/wordpress\/strollik\/?page_id=1780"},"modified":"2021-12-17T19:53:16","modified_gmt":"2021-12-17T18:53:16","slug":"lamarque","status":"publish","type":"page","link":"https:\/\/www.bombard.com\/fr\/lamarque\/","title":{"rendered":"La Marque"},"content":{"rendered":"<div class=\"wpb-content-wrapper\"><p>[vc_row full_width=\u00a0\u00bbstretch_row_content_no_spaces\u00a0\u00bb content_placement=\u00a0\u00bbtop\u00a0\u00bb parallax=\u00a0\u00bb1&Prime; parallax_image=\u00a0\u00bb7270&Prime; isfullwidth=\u00a0\u00bb0&Prime; css=\u00a0\u00bb.vc_custom_1621448693820{padding-top: 60px !important;padding-bottom: 60px !important;background-image: url(https:\/\/www.bombard.com\/wp-content\/uploads\/2014\/06\/head-histoire.jpg?id=11978) !important;background-position: center;background-repeat: no-repeat !important;background-size: cover !important;}\u00a0\u00bb][vc_column][vc_single_image image=\u00a0\u00bb15546&Prime; img_size=\u00a0\u00bbfull\u00a0\u00bb alignment=\u00a0\u00bbcenter\u00a0\u00bb][\/vc_column][\/vc_row][vc_row][vc_column][vc_empty_space][\/vc_column][\/vc_row][vc_row][vc_column width=\u00a0\u00bb1\/2&Prime; css=\u00a0\u00bb.vc_custom_1480935164843{padding-right: 30px !important;padding-left: 30px !important;}\u00a0\u00bb][vc_column_text]<\/p>\n<div class=\"text-big-1 text-brown\" style=\"text-align: justify;\"><span style=\"color: #808080;\">Il parcourt ainsi un quart de la circonf\u00e9rence terrestre, dans les pires conditions, et arrive, sain et sauf, deux mois plus tard \u00e0 La Barbade, aux Cara\u00efbes. Se nourrissant de poissons et de plancton et s&rsquo;abreuvant de jus de poisson et d&rsquo;eau de pluie, il prouva ainsi qu&rsquo;il est possible \u00e0 un naufrag\u00e9 de survivre en mer gr\u00e2ce aux richesses de l&rsquo;oc\u00e9an.<\/span><\/div>\n<p>[\/vc_column_text][\/vc_column][vc_column width=\u00a0\u00bb1\/2&Prime; css=\u00a0\u00bb.vc_custom_1480935169782{padding-right: 30px !important;padding-left: 30px !important;}\u00a0\u00bb][vc_column_text]<\/p>\n<div class=\"text-big-1 text-brown\" style=\"text-align: justify;\"><span style=\"color: #808080;\">Avec son r\u00e9cit \u00ab Naufrag\u00e9 volontaire \u00bb, publi\u00e9 en 1958, il acquit une renomm\u00e9e mondiale et participa par la suite \u00e0 diff\u00e9rents travaux de recherche et au d\u00e9veloppement des radeaux de survie.<\/span><\/div>\n<p>[\/vc_column_text][\/vc_column][\/vc_row][vc_row isfullwidth=\u00a0\u00bb0&Prime;][vc_column][vc_single_image image=\u00a0\u00bb15522&Prime; img_size=\u00a0\u00bbfull\u00a0\u00bb alignment=\u00a0\u00bbcenter\u00a0\u00bb][\/vc_column][\/vc_row][vc_row][vc_column width=\u00a0\u00bb1\/2&Prime; css=\u00a0\u00bb.vc_custom_1480935149284{padding-right: 30px !important;padding-left: 30px !important;}\u00a0\u00bb][vc_single_image image=\u00a0\u00bb15469&Prime; img_size=\u00a0\u00bbfull\u00a0\u00bb alignment=\u00a0\u00bbcenter\u00a0\u00bb][\/vc_column][vc_column width=\u00a0\u00bb1\/2&Prime; css=\u00a0\u00bb.vc_custom_1480935159091{padding-right: 30px !important;padding-left: 30px !important;}\u00a0\u00bb][vc_column_text]<\/p>\n<div class=\"text-big-1 text-brown\" style=\"text-align: justify;\"><span style=\"color: #808080;\">En France comme \u00e0 l\u2018\u00e9tranger, son nom reste associ\u00e9<br \/>\n\u00e0 la survie en mer et, plus g\u00e9n\u00e9ralement \u00e0 la protection de la mer et \u00e0 l\u2018\u00e9cologie marine. Alain Bombard a forg\u00e9 les valeurs d\u2018aventure et de fiabilit\u00e9 de la marque qui porte son nom. Les bateaux Bombard&#x2122; en proposant des produits s\u00fbrs et robustes font chaque jour r\u00e9f\u00e9rence \u00e0 cet h\u00e9ritage.<\/span><\/div>\n<p>[\/vc_column_text]<div class=\"widget-zodiac-socials text-center\">\r\n\t<div class=\"pbr-social-share pull-right\">\r\n\t\t<div class=\"bo-social-icons bo-sicolor social-radius-rounded\">\r\n\t\t<!-- <span class=\"title\">Share :<\/span> -->\r\n\t\t\t\t\t\t\t\t\t\t\t\t\t\t\t<\/div>\r\n<\/div>\t<\/div>[\/vc_column][\/vc_row]<\/p>\n<\/div>","protected":false},"excerpt":{"rendered":"<p>[vc_row full_width=\u00a0\u00bbstretch_row_content_no_spaces\u00a0\u00bb content_placement=\u00a0\u00bbtop\u00a0\u00bb parallax=\u00a0\u00bb1&Prime; parallax_image=\u00a0\u00bb7270&Prime; isfullwidth=\u00a0\u00bb0&Prime; css=\u00a0\u00bb.vc_custom_1621448693820{padding-top: 60px !important;padding-bottom: 60px !important;background-image: url(https:\/\/www.bombard.com\/wp-content\/uploads\/2014\/06\/head-histoire.jpg?id=11978) !important;background-position: center;background-repeat: no-repeat !important;background-size: cover !important;}\u00a0\u00bb][vc_column][vc_single_image image=\u00a0\u00bb15546&Prime; img_size=\u00a0\u00bbfull\u00a0\u00bb alignment=\u00a0\u00bbcenter\u00a0\u00bb][\/vc_column][\/vc_row][vc_row][vc_column][vc_empty_space][\/vc_column][\/vc_row][vc_row][vc_column width=\u00a0\u00bb1\/2&Prime; css=\u00a0\u00bb.vc_custom_1480935164843{padding-right: 30px !important;padding-left: 30px !important;}\u00a0\u00bb][vc_column_text] Il parcourt ainsi un quart de la circonf\u00e9rence terrestre, dans les pires conditions, et arrive, sain et sauf, deux mois plus tard \u00e0 La Barbade, aux Cara\u00efbes. Se &hellip; <a href=\"https:\/\/www.bombard.com\/fr\/lamarque\/\" class=\"more-link\">Continue reading <span class=\"screen-reader-text\">La Marque<\/span><span class=\"meta-nav\">&rarr;<\/span><\/a><\/p>\n","protected":false},"author":1,"featured_media":0,"parent":0,"menu_order":0,"comment_status":"closed","ping_status":"closed","template":"","meta":{"_acf_changed":false,"footnotes":""},"class_list":["post-1780","page","type-page","status-publish","hentry"],"acf":[],"_links":{"self":[{"href":"https:\/\/www.bombard.com\/fr\/wp-json\/wp\/v2\/pages\/1780","targetHints":{"allow":["GET"]}}],"collection":[{"href":"https:\/\/www.bombard.com\/fr\/wp-json\/wp\/v2\/pages"}],"about":[{"href":"https:\/\/www.bombard.com\/fr\/wp-json\/wp\/v2\/types\/page"}],"author":[{"embeddable":true,"href":"https:\/\/www.bombard.com\/fr\/wp-json\/wp\/v2\/users\/1"}],"replies":[{"embeddable":true,"href":"https:\/\/www.bombard.com\/fr\/wp-json\/wp\/v2\/comments?post=1780"}],"version-history":[{"count":5,"href":"https:\/\/www.bombard.com\/fr\/wp-json\/wp\/v2\/pages\/1780\/revisions"}],"predecessor-version":[{"id":15749,"href":"https:\/\/www.bombard.com\/fr\/wp-json\/wp\/v2\/pages\/1780\/revisions\/15749"}],"wp:attachment":[{"href":"https:\/\/www.bombard.com\/fr\/wp-json\/wp\/v2\/media?parent=1780"}],"curies":[{"name":"wp","href":"https:\/\/api.w.org\/{rel}","templated":true}]}}