{"id":12251,"date":"2016-12-27T16:37:00","date_gmt":"2016-12-27T15:37:00","guid":{"rendered":"https:\/\/www.bombard.com\/fr\/?page_id=12251"},"modified":"2021-12-18T00:46:10","modified_gmt":"2021-12-17T23:46:10","slug":"club-bombard","status":"publish","type":"page","link":"https:\/\/www.bombard.com\/fr\/club-bombard\/","title":{"rendered":"Club Bombard"},"content":{"rendered":"<div class=\"wpb-content-wrapper\"><p>[vc_row][vc_column][vc_custom_heading text=\u00a0\u00bbClub Bombard\u00a0\u00bb font_container=\u00a0\u00bbtag:h2|text_align:center\u00a0\u00bb use_theme_fonts=\u00a0\u00bbyes\u00a0\u00bb][vc_custom_heading text=\u00a0\u00bbProfitez d&rsquo;avantages exclusifs r\u00e9serv\u00e9s aux propri\u00e9taires Bombard\u00a0\u00bb font_container=\u00a0\u00bbtag:h3|text_align:center\u00a0\u00bb use_theme_fonts=\u00a0\u00bbyes\u00a0\u00bb][\/vc_column][\/vc_row]<\/p>\n<\/div>","protected":false},"excerpt":{"rendered":"<p>[vc_row][vc_column][vc_custom_heading text=\u00a0\u00bbClub Bombard\u00a0\u00bb font_container=\u00a0\u00bbtag:h2|text_align:center\u00a0\u00bb use_theme_fonts=\u00a0\u00bbyes\u00a0\u00bb][vc_custom_heading text=\u00a0\u00bbProfitez d&rsquo;avantages exclusifs r\u00e9serv\u00e9s aux propri\u00e9taires Bombard\u00a0\u00bb font_container=\u00a0\u00bbtag:h3|text_align:center\u00a0\u00bb use_theme_fonts=\u00a0\u00bbyes\u00a0\u00bb][\/vc_column][\/vc_row]<\/p>\n","protected":false},"author":1,"featured_media":0,"parent":0,"menu_order":0,"comment_status":"closed","ping_status":"closed","template":"model_bombard.php","meta":{"_acf_changed":false,"footnotes":""},"class_list":["post-12251","page","type-page","status-publish","hentry"],"acf":[],"_links":{"self":[{"href":"https:\/\/www.bombard.com\/fr\/wp-json\/wp\/v2\/pages\/12251","targetHints":{"allow":["GET"]}}],"collection":[{"href":"https:\/\/www.bombard.com\/fr\/wp-json\/wp\/v2\/pages"}],"about":[{"href":"https:\/\/www.bombard.com\/fr\/wp-json\/wp\/v2\/types\/page"}],"author":[{"embeddable":true,"href":"https:\/\/www.bombard.com\/fr\/wp-json\/wp\/v2\/users\/1"}],"replies":[{"embeddable":true,"href":"https:\/\/www.bombard.com\/fr\/wp-json\/wp\/v2\/comments?post=12251"}],"version-history":[{"count":5,"href":"https:\/\/www.bombard.com\/fr\/wp-json\/wp\/v2\/pages\/12251\/revisions"}],"predecessor-version":[{"id":15758,"href":"https:\/\/www.bombard.com\/fr\/wp-json\/wp\/v2\/pages\/12251\/revisions\/15758"}],"wp:attachment":[{"href":"https:\/\/www.bombard.com\/fr\/wp-json\/wp\/v2\/media?parent=12251"}],"curies":[{"name":"wp","href":"https:\/\/api.w.org\/{rel}","templated":true}]}}