{"id":12036,"date":"2016-12-05T15:47:46","date_gmt":"2016-12-05T14:47:46","guid":{"rendered":"https:\/\/www.bombard.com\/fr\/?page_id=12036"},"modified":"2021-05-19T19:23:40","modified_gmt":"2021-05-19T18:23:40","slug":"partenariats","status":"publish","type":"page","link":"https:\/\/www.bombard.com\/fr\/lamarque\/partenariats\/","title":{"rendered":"Partenariats"},"content":{"rendered":"<div class=\"wpb-content-wrapper\"><p>[vc_row full_width=\u00a0\u00bbstretch_row_content_no_spaces\u00a0\u00bb content_placement=\u00a0\u00bbtop\u00a0\u00bb parallax=\u00a0\u00bb1&Prime; parallax_image=\u00a0\u00bb7270&Prime; isfullwidth=\u00a0\u00bb0&Prime; css=\u00a0\u00bb.vc_custom_1621448617312{padding-top: 60px !important;padding-bottom: 60px !important;background-image: url(https:\/\/www.bombard.com\/wp-content\/uploads\/2016\/12\/quality_img_head.jpg?id=12051) !important;background-position: center;background-repeat: no-repeat !important;background-size: cover !important;}\u00a0\u00bb][vc_column][vc_single_image image=\u00a0\u00bb15539&Prime; img_size=\u00a0\u00bbfull\u00a0\u00bb alignment=\u00a0\u00bbcenter\u00a0\u00bb][\/vc_column][\/vc_row][vc_row][vc_column][vc_empty_space][\/vc_column][\/vc_row][vc_row][vc_column width=\u00a0\u00bb1\/2&Prime; css=\u00a0\u00bb.vc_custom_1480935164843{padding-right: 30px !important;padding-left: 30px !important;}\u00a0\u00bb][vc_column_text]<\/p>\n<div class=\"text-big-1 text-brown\" style=\"text-align: justify;\"><span style=\"color: #808080;\">Cette passion de la nature est depuis devenue notre philosophie, d\u2019une \u00e9tonnante modernit\u00e9. Tous les bateaux Bombard&#x2122;\u00a0en sont l\u2019expression concr\u00e8te.\u00a0Nos produits sont, en effet, con\u00e7us pour l\u2019action, l\u2019aventure, la d\u00e9couverte des espaces mais aussi pour permettre aux utilisateurs professionnels, de travailler dans les meilleures conditions.<\/span><\/div>\n<p>[\/vc_column_text][\/vc_column][vc_column width=\u00a0\u00bb1\/2&Prime; css=\u00a0\u00bb.vc_custom_1480935169782{padding-right: 30px !important;padding-left: 30px !important;}\u00a0\u00bb][vc_column_text]<\/p>\n<div class=\"text-big-1 text-brown\" style=\"text-align: justify;\"><span style=\"color: #808080;\">Un bateau Bombard&#x2122;\u00a0est avant tout un bateau marin, fonctionnel, s\u00fbr, robuste, fiable : on ne plaisante pas avec la mer.\u00a0Cette rigueur absolue dans la conception et la fabrication de nos bateaux n\u2019emp\u00eache pas pour autant de proposer \u00e9galement des \u00e9quipements permettant de faciliter la vie \u00e0 bord et de pratiquer toutes les activit\u00e9s li\u00e9es \u00e0 la mer : plong\u00e9e, ski, wake, p\u00eache, chasse sous-marine, etc.<br \/>\n<\/span><\/div>\n<p>[\/vc_column_text][\/vc_column][\/vc_row][vc_row isfullwidth=\u00a0\u00bb0&Prime;][vc_column][vc_single_image image=\u00a0\u00bb15516&Prime; img_size=\u00a0\u00bbfull\u00a0\u00bb][\/vc_column][\/vc_row][vc_row][vc_column width=\u00a0\u00bb1\/4&Prime;][\/vc_column][vc_column width=\u00a0\u00bb1\/2&Prime;][vc_column_text]<\/p>\n<div class=\"text-big-1 text-brown\" style=\"text-align: center;\">\n<h3><span style=\"color: #808080;\">Nos partenaires :<\/span><\/h3>\n<p><span style=\"color: #808080;\"><br \/>\n<a href=\"http:\/\/www.zodiac-raid-aventure.com\/\" target=\"_blank\" rel=\"noopener\">Spitzberg 2017<\/a><\/span><\/p>\n<p>&nbsp;<\/p>\n<p><span style=\"color: #808080;\"><a href=\"http:\/\/www.centre-terre.fr\/\" target=\"_blank\" rel=\"noopener\">Ultima Patagonia 2017<\/a><\/span><\/p>\n<p>&nbsp;<\/p>\n<p><a href=\"http:\/\/www.underthepole.com\/\" target=\"_blank\" rel=\"noopener\">Under the pole 2017-2020<\/a><\/p>\n<p>&nbsp;<\/p>\n<p><a href=\"https:\/\/www.youtube.com\/watch?v=9kucr-QxZzc\" target=\"_blank\" rel=\"noopener\">L&rsquo;Odyss\u00e9e (2016)<\/a><\/p>\n<\/div>\n<p>[\/vc_column_text][\/vc_column][vc_column width=\u00a0\u00bb1\/4&Prime;][\/vc_column][\/vc_row][vc_row][vc_column css=\u00a0\u00bb.vc_custom_1480949401789{margin-bottom: 15px !important;}\u00a0\u00bb]<div class=\"widget-zodiac-socials text-center\">\r\n\t<div class=\"pbr-social-share pull-right\">\r\n\t\t<div class=\"bo-social-icons bo-sicolor social-radius-rounded\">\r\n\t\t<!-- <span class=\"title\">Share :<\/span> -->\r\n\t\t\t\t\t\t\t\t\t\t\t\t\t\t\t<\/div>\r\n<\/div>\t<\/div>[\/vc_column][\/vc_row]<\/p>\n<\/div>","protected":false},"excerpt":{"rendered":"<p>[vc_row full_width=\u00a0\u00bbstretch_row_content_no_spaces\u00a0\u00bb content_placement=\u00a0\u00bbtop\u00a0\u00bb parallax=\u00a0\u00bb1&Prime; parallax_image=\u00a0\u00bb7270&Prime; isfullwidth=\u00a0\u00bb0&Prime; css=\u00a0\u00bb.vc_custom_1621448617312{padding-top: 60px !important;padding-bottom: 60px !important;background-image: url(https:\/\/www.bombard.com\/wp-content\/uploads\/2016\/12\/quality_img_head.jpg?id=12051) !important;background-position: center;background-repeat: no-repeat !important;background-size: cover !important;}\u00a0\u00bb][vc_column][vc_single_image image=\u00a0\u00bb15539&Prime; img_size=\u00a0\u00bbfull\u00a0\u00bb alignment=\u00a0\u00bbcenter\u00a0\u00bb][\/vc_column][\/vc_row][vc_row][vc_column][vc_empty_space][\/vc_column][\/vc_row][vc_row][vc_column width=\u00a0\u00bb1\/2&Prime; css=\u00a0\u00bb.vc_custom_1480935164843{padding-right: 30px !important;padding-left: 30px !important;}\u00a0\u00bb][vc_column_text] Cette passion de la nature est depuis devenue notre philosophie, d\u2019une \u00e9tonnante modernit\u00e9. Tous les bateaux Bombard&#x2122;\u00a0en sont l\u2019expression concr\u00e8te.\u00a0Nos produits sont, en effet, con\u00e7us pour l\u2019action, l\u2019aventure, &hellip; <a href=\"https:\/\/www.bombard.com\/fr\/lamarque\/partenariats\/\" class=\"more-link\">Continue reading <span class=\"screen-reader-text\">Partenariats<\/span><span class=\"meta-nav\">&rarr;<\/span><\/a><\/p>\n","protected":false},"author":1,"featured_media":0,"parent":1780,"menu_order":10,"comment_status":"closed","ping_status":"closed","template":"","meta":{"_acf_changed":false,"footnotes":""},"class_list":["post-12036","page","type-page","status-publish","hentry"],"acf":[],"_links":{"self":[{"href":"https:\/\/www.bombard.com\/fr\/wp-json\/wp\/v2\/pages\/12036","targetHints":{"allow":["GET"]}}],"collection":[{"href":"https:\/\/www.bombard.com\/fr\/wp-json\/wp\/v2\/pages"}],"about":[{"href":"https:\/\/www.bombard.com\/fr\/wp-json\/wp\/v2\/types\/page"}],"author":[{"embeddable":true,"href":"https:\/\/www.bombard.com\/fr\/wp-json\/wp\/v2\/users\/1"}],"replies":[{"embeddable":true,"href":"https:\/\/www.bombard.com\/fr\/wp-json\/wp\/v2\/comments?post=12036"}],"version-history":[{"count":5,"href":"https:\/\/www.bombard.com\/fr\/wp-json\/wp\/v2\/pages\/12036\/revisions"}],"predecessor-version":[{"id":15545,"href":"https:\/\/www.bombard.com\/fr\/wp-json\/wp\/v2\/pages\/12036\/revisions\/15545"}],"up":[{"embeddable":true,"href":"https:\/\/www.bombard.com\/fr\/wp-json\/wp\/v2\/pages\/1780"}],"wp:attachment":[{"href":"https:\/\/www.bombard.com\/fr\/wp-json\/wp\/v2\/media?parent=12036"}],"curies":[{"name":"wp","href":"https:\/\/api.w.org\/{rel}","templated":true}]}}